{"id":19400,"date":"2024-10-30T12:02:33","date_gmt":"2024-10-30T12:02:33","guid":{"rendered":"https:\/\/brand.nordicprojekt.com\/?page_id=19400"},"modified":"2024-11-14T14:52:18","modified_gmt":"2024-11-14T14:52:18","slug":"limited-edition","status":"publish","type":"page","link":"https:\/\/brand.nordicprojekt.com\/index.php\/limited-edition\/","title":{"rendered":"Limited Edition"},"content":{"rendered":"<div class=\"wpb-content-wrapper\"><p>[vc_row css_animation=\u00bb\u00bb row_type=\u00bbrow\u00bb use_row_as_full_screen_section=\u00bbno\u00bb type=\u00bbfull_width\u00bb angled_section=\u00bbno\u00bb text_align=\u00bbleft\u00bb background_image_as_pattern=\u00bbwithout_pattern\u00bb z_index=\u00bb\u00bb background_image=\u00bb19572&#8243;][vc_column][vc_empty_space height=\u00bb300px\u00bb][vc_column_text css=\u00bb\u00bb]<\/p>\n<h2 style=\"text-align: center;\"><span style=\"color: #ffffff;\">Colecci\u00f3n Limited Edition<\/span><\/h2>\n<h3 style=\"text-align: center;\"><span style=\"color: #ffffff;\">Oto\u00f1o-Invierno 2024-25<\/span><\/h3>\n<p>[\/vc_column_text][vc_empty_space height=\u00bb300px\u00bb][\/vc_column][\/vc_row][vc_row css_animation=\u00bb\u00bb row_type=\u00bbrow\u00bb use_row_as_full_screen_section=\u00bbno\u00bb type=\u00bbfull_width\u00bb angled_section=\u00bbno\u00bb text_align=\u00bbleft\u00bb background_image_as_pattern=\u00bbwithout_pattern\u00bb][vc_column][vc_empty_space][vc_row_inner row_type=\u00bbrow\u00bb type=\u00bbgrid\u00bb text_align=\u00bbleft\u00bb css_animation=\u00bb\u00bb][vc_column_inner width=\u00bb1\/2&#8243;][vc_empty_space height=\u00bb80px\u00bb][vc_column_text css=\u00bb\u00bb]<\/p>\n<h4 style=\"text-align: right;\">Colecci\u00f3n de edici\u00f3n limitada<\/h4>\n<h4 style=\"text-align: right;\">inspirada en los colores oto\u00f1ales<\/h4>\n<h4 style=\"text-align: right;\">y naturales de los bosques suecos.<\/h4>\n<p>[\/vc_column_text][vc_empty_space height=\u00bb80px\u00bb][\/vc_column_inner][vc_column_inner width=\u00bb1\/2&#8243;][vc_empty_space][vc_single_image image=\u00bb19575&#8243; img_size=\u00bbfull\u00bb css=\u00bb\u00bb qode_css_animation=\u00bb\u00bb][vc_empty_space][\/vc_column_inner][\/vc_row_inner][\/vc_column][\/vc_row][vc_row css_animation=\u00bb\u00bb row_type=\u00bbrow\u00bb use_row_as_full_screen_section=\u00bbno\u00bb type=\u00bbfull_width\u00bb angled_section=\u00bbno\u00bb text_align=\u00bbleft\u00bb background_image_as_pattern=\u00bbwithout_pattern\u00bb][vc_column][vc_empty_space]<div class=\"custom_font_holder \" style=\" font-style: normal; font-weight: 300; text-decoration: none; text-align: left; --qode-cf-font-size: 15px; --qode-cf-line-height: 26px; --qode-cf-font-size-1440: 15px; --qode-cf-line-height-1440: 26px; --qode-cf-font-size-1366: 15px; --qode-cf-line-height-1366: 26px; --qode-cf-font-size-1280: 15px; --qode-cf-line-height-1280: 26px; --qode-cf-font-size-1024: 15px; --qode-cf-line-height-1024: 26px; --qode-cf-font-size-768: 15px; --qode-cf-line-height-768: 26px; --qode-cf-font-size-680: 15px; --qode-cf-line-height-680: 26px; --qode-cf-font-size-480: 15px; --qode-cf-line-height-480: 26px;\">\n<h2 style=\"text-align: center;\">Modelos Limited Edition<\/h2>\n<\/div>[vc_row_inner row_type=\u00bbrow\u00bb type=\u00bbgrid\u00bb text_align=\u00bbcenter\u00bb css_animation=\u00bb\u00bb][vc_column_inner width=\u00bb1\/2&#8243;][vc_empty_space height=\u00bb50px\u00bb]<div class=\"custom_font_holder \" style=\" font-style: normal; font-weight: 300; text-decoration: none; text-align: left; --qode-cf-font-size: 15px; --qode-cf-line-height: 26px; --qode-cf-font-size-1440: 15px; --qode-cf-line-height-1440: 26px; --qode-cf-font-size-1366: 15px; --qode-cf-line-height-1366: 26px; --qode-cf-font-size-1280: 15px; --qode-cf-line-height-1280: 26px; --qode-cf-font-size-1024: 15px; --qode-cf-line-height-1024: 26px; --qode-cf-font-size-768: 15px; --qode-cf-line-height-768: 26px; --qode-cf-font-size-680: 15px; --qode-cf-line-height-680: 26px; --qode-cf-font-size-480: 15px; --qode-cf-line-height-480: 26px;\">\n<h2 style=\"text-align: center;\">Alm<\/h2>\n<\/div>[vc_gallery interval=\u00bb3&#8243; images=\u00bb19581,19582,19583,19584&#8243; img_size=\u00bbfull\u00bb css=\u00bb\u00bb]<a  itemprop=\"url\" href=\"https:\/\/brand.nordicprojekt.com\/wp-content\/uploads\/2024\/11\/Alm.zip\" target=\"_self\"  class=\"qbutton  default\" style=\"\">Descargar Im\u00e1genes<\/a>[vc_empty_space height=\u00bb77px\u00bb][\/vc_column_inner][vc_column_inner width=\u00bb1\/2&#8243;][vc_empty_space height=\u00bb50px\u00bb]<div class=\"custom_font_holder \" style=\" font-style: normal; font-weight: 300; text-decoration: none; text-align: left; --qode-cf-font-size: 15px; --qode-cf-line-height: 26px; --qode-cf-font-size-1440: 15px; --qode-cf-line-height-1440: 26px; --qode-cf-font-size-1366: 15px; --qode-cf-line-height-1366: 26px; --qode-cf-font-size-1280: 15px; --qode-cf-line-height-1280: 26px; --qode-cf-font-size-1024: 15px; --qode-cf-line-height-1024: 26px; --qode-cf-font-size-768: 15px; --qode-cf-line-height-768: 26px; --qode-cf-font-size-680: 15px; --qode-cf-line-height-680: 26px; --qode-cf-font-size-480: 15px; --qode-cf-line-height-480: 26px;\">\n<h2 style=\"text-align: center;\">Bj\u00f6rk<\/h2>\n<\/div>[vc_gallery interval=\u00bb3&#8243; images=\u00bb19585,19586,19587,19588&#8243; img_size=\u00bbfull\u00bb css=\u00bb\u00bb]<a  itemprop=\"url\" href=\"https:\/\/brand.nordicprojekt.com\/wp-content\/uploads\/2024\/11\/Bjork.zip\" target=\"_self\"  class=\"qbutton  default\" style=\"\">Descargar Im\u00e1genes<\/a>[vc_empty_space height=\u00bb77px\u00bb][\/vc_column_inner][\/vc_row_inner][\/vc_column][\/vc_row]<\/p>\n<\/div>","protected":false},"excerpt":{"rendered":"<p>[vc_row css_animation=\u00bb\u00bb row_type=\u00bbrow\u00bb use_row_as_full_screen_section=\u00bbno\u00bb type=\u00bbfull_width\u00bb angled_section=\u00bbno\u00bb text_align=\u00bbleft\u00bb background_image_as_pattern=\u00bbwithout_pattern\u00bb z_index=\u00bb\u00bb background_image=\u00bb19572&#8243;][vc_column][vc_empty_space height=\u00bb300px\u00bb][vc_column_text css=\u00bb\u00bb] Colecci\u00f3n Limited Edition Oto\u00f1o-Invierno 2024-25 [\/vc_column_text][vc_empty_space height=\u00bb300px\u00bb][\/vc_column][\/vc_row][vc_row css_animation=\u00bb\u00bb row_type=\u00bbrow\u00bb use_row_as_full_screen_section=\u00bbno\u00bb type=\u00bbfull_width\u00bb angled_section=\u00bbno\u00bb text_align=\u00bbleft\u00bb background_image_as_pattern=\u00bbwithout_pattern\u00bb][vc_column][vc_empty_space][vc_row_inner row_type=\u00bbrow\u00bb type=\u00bbgrid\u00bb text_align=\u00bbleft\u00bb css_animation=\u00bb\u00bb][vc_column_inner width=\u00bb1\/2&#8243;][vc_empty_space height=\u00bb80px\u00bb][vc_column_text css=\u00bb\u00bb] Colecci\u00f3n de edici\u00f3n limitada inspirada en los colores oto\u00f1ales y naturales de&#8230;<\/p>\n","protected":false},"author":1,"featured_media":0,"parent":0,"menu_order":0,"comment_status":"closed","ping_status":"closed","template":"full_width.php","meta":{"footnotes":""},"class_list":["post-19400","page","type-page","status-publish","hentry"],"_links":{"self":[{"href":"https:\/\/brand.nordicprojekt.com\/index.php\/wp-json\/wp\/v2\/pages\/19400","targetHints":{"allow":["GET"]}}],"collection":[{"href":"https:\/\/brand.nordicprojekt.com\/index.php\/wp-json\/wp\/v2\/pages"}],"about":[{"href":"https:\/\/brand.nordicprojekt.com\/index.php\/wp-json\/wp\/v2\/types\/page"}],"author":[{"embeddable":true,"href":"https:\/\/brand.nordicprojekt.com\/index.php\/wp-json\/wp\/v2\/users\/1"}],"replies":[{"embeddable":true,"href":"https:\/\/brand.nordicprojekt.com\/index.php\/wp-json\/wp\/v2\/comments?post=19400"}],"version-history":[{"count":13,"href":"https:\/\/brand.nordicprojekt.com\/index.php\/wp-json\/wp\/v2\/pages\/19400\/revisions"}],"predecessor-version":[{"id":19416,"href":"https:\/\/brand.nordicprojekt.com\/index.php\/wp-json\/wp\/v2\/pages\/19400\/revisions\/19416"}],"wp:attachment":[{"href":"https:\/\/brand.nordicprojekt.com\/index.php\/wp-json\/wp\/v2\/media?parent=19400"}],"curies":[{"name":"wp","href":"https:\/\/api.w.org\/{rel}","templated":true}]}}