{"id":18863,"date":"2024-10-22T15:20:42","date_gmt":"2024-10-22T15:20:42","guid":{"rendered":"https:\/\/brand.nordicprojekt.com\/?page_id=18863"},"modified":"2024-10-22T16:28:41","modified_gmt":"2024-10-22T16:28:41","slug":"inicio","status":"publish","type":"page","link":"https:\/\/brand.nordicprojekt.com\/","title":{"rendered":"Inicio"},"content":{"rendered":"<div class=\"wpb-content-wrapper\"><p>[vc_row css_animation=\u00bb\u00bb row_type=\u00bbrow\u00bb use_row_as_full_screen_section=\u00bbno\u00bb type=\u00bbgrid\u00bb angled_section=\u00bbno\u00bb text_align=\u00bbleft\u00bb background_image_as_pattern=\u00bbwithout_pattern\u00bb z_index=\u00bb\u00bb][vc_column][vc_row_inner row_type=\u00bbrow\u00bb type=\u00bbfull_width\u00bb text_align=\u00bbleft\u00bb css_animation=\u00bb\u00bb][vc_column_inner width=\u00bb1\/2&#8243;][vc_empty_space height=\u00bb10px\u00bb]<div class=\"custom_font_holder \" style=\" font-style: normal; font-weight: 600; color: #000000; text-decoration: none; text-align: center; --qode-cf-font-size: 18px; --qode-cf-line-height: 26px; --qode-cf-font-size-1440: 18px; --qode-cf-line-height-1440: 26px; --qode-cf-font-size-1366: 18px; --qode-cf-line-height-1366: 26px; --qode-cf-font-size-1280: 18px; --qode-cf-line-height-1280: 26px; --qode-cf-font-size-1024: 18px; --qode-cf-line-height-1024: 26px; --qode-cf-font-size-768: 18px; --qode-cf-line-height-768: 26px; --qode-cf-font-size-680: 18px; --qode-cf-line-height-680: 26px; --qode-cf-font-size-480: 18px; --qode-cf-line-height-480: 26px;\">\n<h3><span style=\"color: #000000;\"><strong>Nuestra Historia<\/strong><\/span><\/h3>\n<\/div>[vc_empty_space][vc_column_text css=\u00bb\u00bb]Nordic Vision nace en 2013 con el objetivo de ofrecer productos \u00f3pticos de dise\u00f1o y alta calidad a un precio accesible, aportando un valor a\u00f1adido tanto a farmacias como a clientes finales.[\/vc_column_text][vc_empty_space][vc_single_image image=\u00bb18868&#8243; img_size=\u00bbfull\u00bb css=\u00bb\u00bb qode_css_animation=\u00bb\u00bb][vc_empty_space][vc_column_text css=\u00bb\u00bb]El concepto y la marca se expandieron r\u00e1pidamente, permitiendo que Nordic Vision se posicione como una marca l\u00edder y confiable, a la que sus clientes regresan una y otra vez en busca de las \u00faltimas tendencias e innovaciones en productos \u00f3pticos.[\/vc_column_text][\/vc_column_inner][vc_column_inner width=\u00bb1\/2&#8243;][vc_empty_space][vc_single_image image=\u00bb18869&#8243; img_size=\u00bbfull\u00bb css=\u00bb\u00bb qode_css_animation=\u00bb\u00bb][vc_empty_space][vc_column_text css=\u00bb\u00bb]Fue as\u00ed como Andreas y Jonna Roxe, una pareja Sueco-Americana con 15 a\u00f1os de apariencia en el sector farmac\u00e9utico, decidieron emprender este camino y lanzar la marca con un concepto 360\u00ba que mejora sustancialmente las experiencias de farmacias y otras plataformas OTC.[\/vc_column_text][vc_empty_space][vc_single_image image=\u00bb18870&#8243; img_size=\u00bbfull\u00bb css=\u00bb\u00bb qode_css_animation=\u00bb\u00bb][\/vc_column_inner][\/vc_row_inner][vc_empty_space height=\u00bb50px\u00bb][\/vc_column][\/vc_row]<\/p>\n<\/div>","protected":false},"excerpt":{"rendered":"<p>[vc_row css_animation=\u00bb\u00bb row_type=\u00bbrow\u00bb use_row_as_full_screen_section=\u00bbno\u00bb type=\u00bbgrid\u00bb angled_section=\u00bbno\u00bb text_align=\u00bbleft\u00bb background_image_as_pattern=\u00bbwithout_pattern\u00bb z_index=\u00bb\u00bb][vc_column][vc_row_inner row_type=\u00bbrow\u00bb type=\u00bbfull_width\u00bb text_align=\u00bbleft\u00bb css_animation=\u00bb\u00bb][vc_column_inner width=\u00bb1\/2&#8243;][vc_empty_space height=\u00bb10px\u00bb][vc_empty_space][vc_column_text css=\u00bb\u00bb]Nordic Vision nace en 2013 con el objetivo de ofrecer productos \u00f3pticos de dise\u00f1o y alta calidad a un precio accesible, aportando un valor a\u00f1adido tanto a farmacias como a&#8230;<\/p>\n","protected":false},"author":1,"featured_media":0,"parent":0,"menu_order":0,"comment_status":"closed","ping_status":"closed","template":"full_width.php","meta":{"footnotes":""},"class_list":["post-18863","page","type-page","status-publish","hentry"],"_links":{"self":[{"href":"https:\/\/brand.nordicprojekt.com\/index.php\/wp-json\/wp\/v2\/pages\/18863","targetHints":{"allow":["GET"]}}],"collection":[{"href":"https:\/\/brand.nordicprojekt.com\/index.php\/wp-json\/wp\/v2\/pages"}],"about":[{"href":"https:\/\/brand.nordicprojekt.com\/index.php\/wp-json\/wp\/v2\/types\/page"}],"author":[{"embeddable":true,"href":"https:\/\/brand.nordicprojekt.com\/index.php\/wp-json\/wp\/v2\/users\/1"}],"replies":[{"embeddable":true,"href":"https:\/\/brand.nordicprojekt.com\/index.php\/wp-json\/wp\/v2\/comments?post=18863"}],"version-history":[{"count":14,"href":"https:\/\/brand.nordicprojekt.com\/index.php\/wp-json\/wp\/v2\/pages\/18863\/revisions"}],"predecessor-version":[{"id":18902,"href":"https:\/\/brand.nordicprojekt.com\/index.php\/wp-json\/wp\/v2\/pages\/18863\/revisions\/18902"}],"wp:attachment":[{"href":"https:\/\/brand.nordicprojekt.com\/index.php\/wp-json\/wp\/v2\/media?parent=18863"}],"curies":[{"name":"wp","href":"https:\/\/api.w.org\/{rel}","templated":true}]}}